{"id":1945,"date":"2024-06-10T08:56:13","date_gmt":"2024-06-10T08:56:13","guid":{"rendered":"https:\/\/setsail.world\/?page_id=1945"},"modified":"2024-06-10T08:58:57","modified_gmt":"2024-06-10T08:58:57","slug":"contact","status":"publish","type":"page","link":"https:\/\/setsail.world\/en\/contact\/","title":{"rendered":"Contact"},"content":{"rendered":"\t\t<div data-elementor-type=\"wp-page\" data-elementor-id=\"1945\" class=\"elementor elementor-1945\" data-elementor-post-type=\"page\">\n\t\t\t\t\t\t<section class=\"elementor-section elementor-top-section elementor-element elementor-element-5501e10f elementor-section-height-min-height elementor-section-boxed elementor-section-height-default elementor-section-items-middle\" data-id=\"5501e10f\" data-element_type=\"section\" data-e-type=\"section\" data-settings=\"{&quot;background_background&quot;:&quot;classic&quot;}\">\n\t\t\t\t\t\t\t<div class=\"elementor-background-overlay\"><\/div>\n\t\t\t\t\t\t\t<div class=\"elementor-container elementor-column-gap-default\">\n\t\t\t\t\t<div class=\"elementor-column elementor-col-100 elementor-top-column elementor-element elementor-element-6e6dc84\" data-id=\"6e6dc84\" data-element_type=\"column\" data-e-type=\"column\">\n\t\t\t<div class=\"elementor-widget-wrap elementor-element-populated\">\n\t\t\t\t\t\t<div class=\"elementor-element elementor-element-4a827750 de_scroll_animation_no elementor-invisible elementor-widget elementor-widget-heading\" data-id=\"4a827750\" data-element_type=\"widget\" data-e-type=\"widget\" data-settings=\"{&quot;_animation&quot;:&quot;fadeIn&quot;}\" data-widget_type=\"heading.default\">\n\t\t\t\t<div class=\"elementor-widget-container\">\n\t\t\t\t\t<h2 class=\"elementor-heading-title elementor-size-default\">Contact<\/h2>\t\t\t\t<\/div>\n\t\t\t\t<\/div>\n\t\t\t\t\t<\/div>\n\t\t<\/div>\n\t\t\t\t\t<\/div>\n\t\t<\/section>\n\t\t\t\t<section class=\"elementor-section elementor-top-section elementor-element elementor-element-7b3307c5 elementor-section-boxed elementor-section-height-default elementor-section-height-default\" data-id=\"7b3307c5\" data-element_type=\"section\" data-e-type=\"section\">\n\t\t\t\t\t\t<div class=\"elementor-container elementor-column-gap-default\">\n\t\t\t\t\t<div class=\"elementor-column elementor-col-33 elementor-top-column elementor-element elementor-element-3167d2ca elementor-invisible\" data-id=\"3167d2ca\" data-element_type=\"column\" data-e-type=\"column\" data-settings=\"{&quot;animation&quot;:&quot;fadeIn&quot;}\">\n\t\t\t<div class=\"elementor-widget-wrap elementor-element-populated\">\n\t\t\t\t\t\t<div class=\"elementor-element elementor-element-761cef7c elementor-widget__width-auto de_scroll_animation_no elementor-widget elementor-widget-image\" data-id=\"761cef7c\" data-element_type=\"widget\" data-e-type=\"widget\" data-widget_type=\"image.default\">\n\t\t\t\t<div class=\"elementor-widget-container\">\n\t\t\t\t\t\t\t\t\t\t\t\t\t\t\t<img fetchpriority=\"high\" decoding=\"async\" width=\"800\" height=\"800\" src=\"https:\/\/setsail.world\/wp-content\/uploads\/2024\/01\/contact_icon_1.png\" class=\"attachment-large size-large wp-image-176\" alt=\"\" srcset=\"https:\/\/setsail.world\/wp-content\/uploads\/2024\/01\/contact_icon_1.png 1001w, https:\/\/setsail.world\/wp-content\/uploads\/2024\/01\/contact_icon_1-300x300.png 300w, https:\/\/setsail.world\/wp-content\/uploads\/2024\/01\/contact_icon_1-150x150.png 150w, https:\/\/setsail.world\/wp-content\/uploads\/2024\/01\/contact_icon_1-768x768.png 768w\" sizes=\"(max-width: 800px) 100vw, 800px\" \/>\t\t\t\t\t\t\t\t\t\t\t\t\t\t\t<\/div>\n\t\t\t\t<\/div>\n\t\t\t\t<div class=\"elementor-element elementor-element-4096a5d8 de_scroll_animation_no elementor-widget elementor-widget-image-box\" data-id=\"4096a5d8\" data-element_type=\"widget\" data-e-type=\"widget\" data-widget_type=\"image-box.default\">\n\t\t\t\t<div class=\"elementor-widget-container\">\n\t\t\t\t\t<div class=\"elementor-image-box-wrapper\"><div class=\"elementor-image-box-content\"><h3 class=\"elementor-image-box-title\"><a href=\"https:\/\/maps.app.goo.gl\/azXM2zEqTv5zhovG6\">Adress<\/a><\/h3><p class=\"elementor-image-box-description\">Valencia Mar, muelle de honor, Moll de Ponent, 46012 Valencia<\/p><\/div><\/div>\t\t\t\t<\/div>\n\t\t\t\t<\/div>\n\t\t\t\t\t<\/div>\n\t\t<\/div>\n\t\t\t\t<div class=\"elementor-column elementor-col-33 elementor-top-column elementor-element elementor-element-74cb4610 elementor-invisible\" data-id=\"74cb4610\" data-element_type=\"column\" data-e-type=\"column\" data-settings=\"{&quot;animation&quot;:&quot;fadeIn&quot;,&quot;animation_delay&quot;:200}\">\n\t\t\t<div class=\"elementor-widget-wrap elementor-element-populated\">\n\t\t\t\t\t\t<div class=\"elementor-element elementor-element-567146cc elementor-widget__width-auto de_scroll_animation_no elementor-widget elementor-widget-image\" data-id=\"567146cc\" data-element_type=\"widget\" data-e-type=\"widget\" data-widget_type=\"image.default\">\n\t\t\t\t<div class=\"elementor-widget-container\">\n\t\t\t\t\t\t\t\t\t\t\t\t\t\t\t<img decoding=\"async\" width=\"800\" height=\"800\" src=\"https:\/\/setsail.world\/wp-content\/uploads\/2024\/01\/contact_icon_2.png\" class=\"attachment-large size-large wp-image-177\" alt=\"\" srcset=\"https:\/\/setsail.world\/wp-content\/uploads\/2024\/01\/contact_icon_2.png 1001w, https:\/\/setsail.world\/wp-content\/uploads\/2024\/01\/contact_icon_2-300x300.png 300w, https:\/\/setsail.world\/wp-content\/uploads\/2024\/01\/contact_icon_2-150x150.png 150w, https:\/\/setsail.world\/wp-content\/uploads\/2024\/01\/contact_icon_2-768x768.png 768w\" sizes=\"(max-width: 800px) 100vw, 800px\" \/>\t\t\t\t\t\t\t\t\t\t\t\t\t\t\t<\/div>\n\t\t\t\t<\/div>\n\t\t\t\t<div class=\"elementor-element elementor-element-6cc57c9 de_scroll_animation_no elementor-widget elementor-widget-image-box\" data-id=\"6cc57c9\" data-element_type=\"widget\" data-e-type=\"widget\" data-widget_type=\"image-box.default\">\n\t\t\t\t<div class=\"elementor-widget-container\">\n\t\t\t\t\t<div class=\"elementor-image-box-wrapper\"><div class=\"elementor-image-box-content\"><h3 class=\"elementor-image-box-title\"><a href=\"tel:661602902\">Phone<\/a><\/h3><p class=\"elementor-image-box-description\">661 602 902<\/p><\/div><\/div>\t\t\t\t<\/div>\n\t\t\t\t<\/div>\n\t\t\t\t\t<\/div>\n\t\t<\/div>\n\t\t\t\t<div class=\"elementor-column elementor-col-33 elementor-top-column elementor-element elementor-element-270f3176 elementor-invisible\" data-id=\"270f3176\" data-element_type=\"column\" data-e-type=\"column\" data-settings=\"{&quot;animation&quot;:&quot;fadeIn&quot;,&quot;animation_delay&quot;:400}\">\n\t\t\t<div class=\"elementor-widget-wrap elementor-element-populated\">\n\t\t\t\t\t\t<div class=\"elementor-element elementor-element-24658436 elementor-widget__width-auto de_scroll_animation_no elementor-widget elementor-widget-image\" data-id=\"24658436\" data-element_type=\"widget\" data-e-type=\"widget\" data-widget_type=\"image.default\">\n\t\t\t\t<div class=\"elementor-widget-container\">\n\t\t\t\t\t\t\t\t\t\t\t\t\t\t\t<img decoding=\"async\" width=\"800\" height=\"800\" src=\"https:\/\/setsail.world\/wp-content\/uploads\/2024\/01\/contact_icon_3.png\" class=\"attachment-large size-large wp-image-178\" alt=\"\" srcset=\"https:\/\/setsail.world\/wp-content\/uploads\/2024\/01\/contact_icon_3.png 1001w, https:\/\/setsail.world\/wp-content\/uploads\/2024\/01\/contact_icon_3-300x300.png 300w, https:\/\/setsail.world\/wp-content\/uploads\/2024\/01\/contact_icon_3-150x150.png 150w, https:\/\/setsail.world\/wp-content\/uploads\/2024\/01\/contact_icon_3-768x768.png 768w\" sizes=\"(max-width: 800px) 100vw, 800px\" \/>\t\t\t\t\t\t\t\t\t\t\t\t\t\t\t<\/div>\n\t\t\t\t<\/div>\n\t\t\t\t<div class=\"elementor-element elementor-element-1f8ec91 de_scroll_animation_no elementor-widget elementor-widget-image-box\" data-id=\"1f8ec91\" data-element_type=\"widget\" data-e-type=\"widget\" data-widget_type=\"image-box.default\">\n\t\t\t\t<div class=\"elementor-widget-container\">\n\t\t\t\t\t<div class=\"elementor-image-box-wrapper\"><div class=\"elementor-image-box-content\"><h3 class=\"elementor-image-box-title\"><a href=\"\">Email<\/a><\/h3><p class=\"elementor-image-box-description\">info@setsail.world<\/p><\/div><\/div>\t\t\t\t<\/div>\n\t\t\t\t<\/div>\n\t\t\t\t\t<\/div>\n\t\t<\/div>\n\t\t\t\t\t<\/div>\n\t\t<\/section>\n\t\t\t\t<section class=\"elementor-section elementor-top-section elementor-element elementor-element-6b693dcb elementor-section-boxed elementor-section-height-default elementor-section-height-default\" data-id=\"6b693dcb\" data-element_type=\"section\" data-e-type=\"section\" data-settings=\"{&quot;background_background&quot;:&quot;classic&quot;}\">\n\t\t\t\t\t\t<div class=\"elementor-container elementor-column-gap-default\">\n\t\t\t\t\t<div class=\"elementor-column elementor-col-50 elementor-top-column elementor-element elementor-element-4314eb3d\" data-id=\"4314eb3d\" data-element_type=\"column\" data-e-type=\"column\">\n\t\t\t<div class=\"elementor-widget-wrap elementor-element-populated\">\n\t\t\t\t\t\t<div class=\"elementor-element elementor-element-448e6f47 elementor-widget-divider--view-line_text elementor-widget-divider--element-align-right de_scroll_animation_no elementor-invisible elementor-widget elementor-widget-divider\" data-id=\"448e6f47\" data-element_type=\"widget\" data-e-type=\"widget\" data-settings=\"{&quot;_animation&quot;:&quot;fadeIn&quot;}\" data-widget_type=\"divider.default\">\n\t\t\t\t<div class=\"elementor-widget-container\">\n\t\t\t\t\t\t\t<div class=\"elementor-divider\">\n\t\t\t<span class=\"elementor-divider-separator\">\n\t\t\t\t\t\t\t<span class=\"elementor-divider__text elementor-divider__element\">\n\t\t\t\tCONTACT US\t\t\t\t<\/span>\n\t\t\t\t\t\t<\/span>\n\t\t<\/div>\n\t\t\t\t\t\t<\/div>\n\t\t\t\t<\/div>\n\t\t\t\t<div class=\"elementor-element elementor-element-9b69eb8 de_scroll_animation_no elementor-invisible elementor-widget elementor-widget-heading\" data-id=\"9b69eb8\" data-element_type=\"widget\" data-e-type=\"widget\" data-settings=\"{&quot;_animation&quot;:&quot;fadeIn&quot;,&quot;_animation_delay&quot;:200}\" data-widget_type=\"heading.default\">\n\t\t\t\t<div class=\"elementor-widget-container\">\n\t\t\t\t\t<h2 class=\"elementor-heading-title elementor-size-default\">One message away<\/h2>\t\t\t\t<\/div>\n\t\t\t\t<\/div>\n\t\t\t\t<div class=\"elementor-element elementor-element-7fbdd56 de_scroll_animation_no elementor-invisible elementor-widget elementor-widget-text-editor\" data-id=\"7fbdd56\" data-element_type=\"widget\" data-e-type=\"widget\" data-settings=\"{&quot;_animation&quot;:&quot;fadeIn&quot;,&quot;_animation_delay&quot;:400}\" data-widget_type=\"text-editor.default\">\n\t\t\t\t<div class=\"elementor-widget-container\">\n\t\t\t\t\t\t\t\t\t<p>Contact us and let Setsail guide you to your next adventure at sea.<\/p>\t\t\t\t\t\t\t\t<\/div>\n\t\t\t\t<\/div>\n\t\t\t\t<div class=\"elementor-element elementor-element-936cab1 elementor-button-align-stretch de_scroll_animation_no elementor-widget elementor-widget-form\" data-id=\"936cab1\" data-element_type=\"widget\" data-e-type=\"widget\" data-settings=\"{&quot;step_next_label&quot;:&quot;Siguiente&quot;,&quot;step_previous_label&quot;:&quot;Anterior&quot;,&quot;button_width&quot;:&quot;100&quot;,&quot;step_type&quot;:&quot;number_text&quot;,&quot;step_icon_shape&quot;:&quot;circle&quot;}\" data-widget_type=\"form.default\">\n\t\t\t\t<div class=\"elementor-widget-container\">\n\t\t\t\t\t\t\t<form class=\"elementor-form\" method=\"post\" name=\"New Form\" aria-label=\"New Form\">\n\t\t\t<input type=\"hidden\" name=\"post_id\" value=\"1945\"\/>\n\t\t\t<input type=\"hidden\" name=\"form_id\" value=\"936cab1\"\/>\n\t\t\t<input type=\"hidden\" name=\"referer_title\" value=\"Contact - Setsail\" \/>\n\n\t\t\t\t\t\t\t<input type=\"hidden\" name=\"queried_id\" value=\"1945\"\/>\n\t\t\t\n\t\t\t<div class=\"elementor-form-fields-wrapper elementor-labels-\">\n\t\t\t\t\t\t\t\t<div class=\"elementor-field-type-text elementor-field-group elementor-column elementor-field-group-field_6b755ef elementor-col-50\">\n\t\t\t\t\t\t\t\t\t\t\t\t<label for=\"form-field-field_6b755ef\" class=\"elementor-field-label elementor-screen-only\">\n\t\t\t\t\t\t\t\tNombre\t\t\t\t\t\t\t<\/label>\n\t\t\t\t\t\t\t\t\t\t\t\t\t\t<input size=\"1\" type=\"text\" name=\"form_fields[field_6b755ef]\" id=\"form-field-field_6b755ef\" class=\"elementor-field elementor-size-sm  elementor-field-textual\" placeholder=\"Name\">\n\t\t\t\t\t\t\t\t\t\t\t<\/div>\n\t\t\t\t\t\t\t\t<div class=\"elementor-field-type-text elementor-field-group elementor-column elementor-field-group-name elementor-col-50\">\n\t\t\t\t\t\t\t\t\t\t\t\t<label for=\"form-field-name\" class=\"elementor-field-label elementor-screen-only\">\n\t\t\t\t\t\t\t\tApellidos\t\t\t\t\t\t\t<\/label>\n\t\t\t\t\t\t\t\t\t\t\t\t\t\t<input size=\"1\" type=\"text\" name=\"form_fields[name]\" id=\"form-field-name\" class=\"elementor-field elementor-size-sm  elementor-field-textual\" placeholder=\"Surname\">\n\t\t\t\t\t\t\t\t\t\t\t<\/div>\n\t\t\t\t\t\t\t\t<div class=\"elementor-field-type-email elementor-field-group elementor-column elementor-field-group-email elementor-col-50 elementor-field-required\">\n\t\t\t\t\t\t\t\t\t\t\t\t<label for=\"form-field-email\" class=\"elementor-field-label elementor-screen-only\">\n\t\t\t\t\t\t\t\tEmail\t\t\t\t\t\t\t<\/label>\n\t\t\t\t\t\t\t\t\t\t\t\t\t\t<input size=\"1\" type=\"email\" name=\"form_fields[email]\" id=\"form-field-email\" class=\"elementor-field elementor-size-sm  elementor-field-textual\" placeholder=\"Email\" required=\"required\">\n\t\t\t\t\t\t\t\t\t\t\t<\/div>\n\t\t\t\t\t\t\t\t<div class=\"elementor-field-type-tel elementor-field-group elementor-column elementor-field-group-field_b1cea52 elementor-col-50 elementor-field-required\">\n\t\t\t\t\t\t\t\t\t\t\t\t<label for=\"form-field-field_b1cea52\" class=\"elementor-field-label elementor-screen-only\">\n\t\t\t\t\t\t\t\tTel\u00e9fono\t\t\t\t\t\t\t<\/label>\n\t\t\t\t\t\t\t\t<input size=\"1\" type=\"tel\" name=\"form_fields[field_b1cea52]\" id=\"form-field-field_b1cea52\" class=\"elementor-field elementor-size-sm  elementor-field-textual\" placeholder=\"Phone\" required=\"required\" pattern=\"[0-9()#&amp;+*-=.]+\" title=\"Only numbers and phone characters (#, -, *, etc) are accepted.\">\n\n\t\t\t\t\t\t<\/div>\n\t\t\t\t\t\t\t\t<div class=\"elementor-field-type-textarea elementor-field-group elementor-column elementor-field-group-message elementor-col-100\">\n\t\t\t\t\t\t\t\t\t\t\t\t<label for=\"form-field-message\" class=\"elementor-field-label elementor-screen-only\">\n\t\t\t\t\t\t\t\tMensaje\t\t\t\t\t\t\t<\/label>\n\t\t\t\t\t\t<textarea class=\"elementor-field-textual elementor-field  elementor-size-sm\" name=\"form_fields[message]\" id=\"form-field-message\" rows=\"4\" placeholder=\"Message\"><\/textarea>\t\t\t\t<\/div>\n\t\t\t\t\t\t\t\t<div class=\"elementor-field-type-acceptance elementor-field-group elementor-column elementor-field-group-field_651bd59 elementor-col-100 elementor-field-required\">\n\t\t\t\t\t\t\t<div class=\"elementor-field-subgroup\">\n\t\t\t<span class=\"elementor-field-option\">\n\t\t\t\t<input type=\"checkbox\" name=\"form_fields[field_651bd59]\" id=\"form-field-field_651bd59\" class=\"elementor-field elementor-size-sm  elementor-acceptance-field\" required=\"required\">\n\t\t\t\t<label for=\"form-field-field_651bd59\">I have read and accept the <a rel=\"nofollow\" href=\"\/politica-de-privacidad\">Privacy Policy.<\/a><\/label>\t\t\t<\/span>\n\t\t<\/div>\n\t\t\t\t\t\t<\/div>\n\t\t\t\t\t\t\t\t<div class=\"elementor-field-group elementor-column elementor-field-type-submit elementor-col-100 e-form__buttons\">\n\t\t\t\t\t<button class=\"elementor-button elementor-size-sm\" type=\"submit\">\n\t\t\t\t\t\t<span class=\"elementor-button-content-wrapper\">\n\t\t\t\t\t\t\t\t\t\t\t\t\t\t\t\t\t\t\t\t\t\t<span class=\"elementor-button-text\">Enviar<\/span>\n\t\t\t\t\t\t\t\t\t\t\t\t\t<\/span>\n\t\t\t\t\t<\/button>\n\t\t\t\t<\/div>\n\t\t\t<\/div>\n\t\t<\/form>\n\t\t\t\t\t\t<\/div>\n\t\t\t\t<\/div>\n\t\t\t\t<div class=\"elementor-element elementor-element-f7241d0 de_scroll_animation_no elementor-widget elementor-widget-text-editor\" data-id=\"f7241d0\" data-element_type=\"widget\" data-e-type=\"widget\" data-widget_type=\"text-editor.default\">\n\t\t\t\t<div class=\"elementor-widget-container\">\n\t\t\t\t\t\t\t\t\t<p><strong>Controller<\/strong>: SetsailWorld, SL Purpose: Respond to queries. <strong>Legitimacy<\/strong>: By consent of the interested party. <strong>Recipients and data processors:<\/strong> No data is transferred or communicated to third parties to provide this service. The Owner has contracted web hosting services from Hostgator, which acts as data processor. <strong>Rights<\/strong>: Access, rectify and delete data. <strong>Additional Information<\/strong>: You can consult the detailed information in the <a href=\"https:\/\/setsail.world\/politica-de-privacidad\/\">Privacy Policy.<\/a><\/p>\t\t\t\t\t\t\t\t<\/div>\n\t\t\t\t<\/div>\n\t\t\t\t\t<\/div>\n\t\t<\/div>\n\t\t\t\t<div class=\"elementor-column elementor-col-50 elementor-top-column elementor-element elementor-element-701036eb\" data-id=\"701036eb\" data-element_type=\"column\" data-e-type=\"column\">\n\t\t\t<div class=\"elementor-widget-wrap elementor-element-populated\">\n\t\t\t\t\t\t<div class=\"elementor-element elementor-element-2203da9 de_scroll_animation_no elementor-widget elementor-widget-image\" data-id=\"2203da9\" data-element_type=\"widget\" data-e-type=\"widget\" data-widget_type=\"image.default\">\n\t\t\t\t<div class=\"elementor-widget-container\">\n\t\t\t\t\t\t\t\t\t\t\t\t\t\t\t<img loading=\"lazy\" decoding=\"async\" width=\"637\" height=\"850\" src=\"https:\/\/setsail.world\/wp-content\/uploads\/2024\/03\/alex-perez-FS7UNiVGeWQ-unsplash-scaled-e1710268533813.jpg\" class=\"attachment-full size-full wp-image-918\" alt=\"Catamaran Ilusion Aventura 37 Setsail\" \/>\t\t\t\t\t\t\t\t\t\t\t\t\t\t\t<\/div>\n\t\t\t\t<\/div>\n\t\t\t\t\t<\/div>\n\t\t<\/div>\n\t\t\t\t\t<\/div>\n\t\t<\/section>\n\t\t\t\t<\/div>\n\t\t","protected":false},"excerpt":{"rendered":"<p>Contact Adress Valencia Mar, muelle de honor, Moll de Ponent, 46012 Valencia Phone 661 602 902 Email info@setsail.world CONTACT US One message away Contact us and let Setsail guide you to your next adventure at sea. Controller: SetsailWorld, SL Purpose: Respond to queries. Legitimacy: By consent of the interested party. Recipients and data processors: No [&hellip;]<\/p>\n","protected":false},"author":2,"featured_media":0,"parent":0,"menu_order":0,"comment_status":"closed","ping_status":"closed","template":"elementor_header_footer","meta":{"footnotes":""},"class_list":["post-1945","page","type-page","status-publish","hentry"],"yoast_head":"<!-- This site is optimized with the Yoast SEO plugin v27.3 - https:\/\/yoast.com\/product\/yoast-seo-wordpress\/ -->\n<title>Contact - Setsail<\/title>\n<meta name=\"description\" content=\"Contacta con SetSail para planificar tu pr\u00f3xima aventura mar\u00edtima. Estamos aqu\u00ed para ayudarte a alquilar el barco perfecto.\" \/>\n<meta name=\"robots\" content=\"index, follow, max-snippet:-1, max-image-preview:large, max-video-preview:-1\" \/>\n<link rel=\"canonical\" href=\"https:\/\/setsail.world\/en\/contact\/\" \/>\n<meta property=\"og:locale\" content=\"en_GB\" \/>\n<meta property=\"og:locale:alternate\" content=\"es_ES\" \/>\n<meta property=\"og:type\" content=\"article\" \/>\n<meta property=\"og:title\" content=\"Contact - Setsail\" \/>\n<meta property=\"og:description\" content=\"Contacta con SetSail para planificar tu pr\u00f3xima aventura mar\u00edtima. Estamos aqu\u00ed para ayudarte a alquilar el barco perfecto.\" \/>\n<meta property=\"og:url\" content=\"https:\/\/setsail.world\/en\/contact\/\" \/>\n<meta property=\"og:site_name\" content=\"Setsail\" \/>\n<meta property=\"article:modified_time\" content=\"2024-06-10T08:58:57+00:00\" \/>\n<meta property=\"og:image\" content=\"https:\/\/setsail.world\/wp-content\/uploads\/2024\/01\/contact_icon_1.png\" \/>\n<script type=\"application\/ld+json\" class=\"yoast-schema-graph\">{\"@context\":\"https:\\\/\\\/schema.org\",\"@graph\":[{\"@type\":\"WebPage\",\"@id\":\"https:\\\/\\\/setsail.world\\\/en\\\/contact\\\/\",\"url\":\"https:\\\/\\\/setsail.world\\\/en\\\/contact\\\/\",\"name\":\"Contact - Setsail\",\"isPartOf\":{\"@id\":\"https:\\\/\\\/setsail.world\\\/en\\\/#website\"},\"primaryImageOfPage\":{\"@id\":\"https:\\\/\\\/setsail.world\\\/en\\\/contact\\\/#primaryimage\"},\"image\":{\"@id\":\"https:\\\/\\\/setsail.world\\\/en\\\/contact\\\/#primaryimage\"},\"thumbnailUrl\":\"https:\\\/\\\/setsail.world\\\/wp-content\\\/uploads\\\/2024\\\/01\\\/contact_icon_1.png\",\"datePublished\":\"2024-06-10T08:56:13+00:00\",\"dateModified\":\"2024-06-10T08:58:57+00:00\",\"description\":\"Contacta con SetSail para planificar tu pr\u00f3xima aventura mar\u00edtima. Estamos aqu\u00ed para ayudarte a alquilar el barco perfecto.\",\"breadcrumb\":{\"@id\":\"https:\\\/\\\/setsail.world\\\/en\\\/contact\\\/#breadcrumb\"},\"inLanguage\":\"en-GB\",\"potentialAction\":[{\"@type\":\"ReadAction\",\"target\":[\"https:\\\/\\\/setsail.world\\\/en\\\/contact\\\/\"]}]},{\"@type\":\"ImageObject\",\"inLanguage\":\"en-GB\",\"@id\":\"https:\\\/\\\/setsail.world\\\/en\\\/contact\\\/#primaryimage\",\"url\":\"https:\\\/\\\/setsail.world\\\/wp-content\\\/uploads\\\/2024\\\/01\\\/contact_icon_1.png\",\"contentUrl\":\"https:\\\/\\\/setsail.world\\\/wp-content\\\/uploads\\\/2024\\\/01\\\/contact_icon_1.png\"},{\"@type\":\"BreadcrumbList\",\"@id\":\"https:\\\/\\\/setsail.world\\\/en\\\/contact\\\/#breadcrumb\",\"itemListElement\":[{\"@type\":\"ListItem\",\"position\":1,\"name\":\"Portada\",\"item\":\"https:\\\/\\\/setsail.world\\\/en\\\/\"},{\"@type\":\"ListItem\",\"position\":2,\"name\":\"Contact\"}]},{\"@type\":\"WebSite\",\"@id\":\"https:\\\/\\\/setsail.world\\\/en\\\/#website\",\"url\":\"https:\\\/\\\/setsail.world\\\/en\\\/\",\"name\":\"SET SAIL WORLD\",\"description\":\"Veleros Maxus, power catamar\u00e1n MAKAI y Charter\",\"publisher\":{\"@id\":\"https:\\\/\\\/setsail.world\\\/en\\\/#organization\"},\"potentialAction\":[{\"@type\":\"SearchAction\",\"target\":{\"@type\":\"EntryPoint\",\"urlTemplate\":\"https:\\\/\\\/setsail.world\\\/en\\\/?s={search_term_string}\"},\"query-input\":{\"@type\":\"PropertyValueSpecification\",\"valueRequired\":true,\"valueName\":\"search_term_string\"}}],\"inLanguage\":\"en-GB\"},{\"@type\":\"Organization\",\"@id\":\"https:\\\/\\\/setsail.world\\\/en\\\/#organization\",\"name\":\"Setsail\",\"url\":\"https:\\\/\\\/setsail.world\\\/en\\\/\",\"logo\":{\"@type\":\"ImageObject\",\"inLanguage\":\"en-GB\",\"@id\":\"https:\\\/\\\/setsail.world\\\/en\\\/#\\\/schema\\\/logo\\\/image\\\/\",\"url\":\"https:\\\/\\\/setsail.world\\\/wp-content\\\/uploads\\\/2024\\\/01\\\/avatar-setsail.png\",\"contentUrl\":\"https:\\\/\\\/setsail.world\\\/wp-content\\\/uploads\\\/2024\\\/01\\\/avatar-setsail.png\",\"width\":356,\"height\":365,\"caption\":\"Setsail\"},\"image\":{\"@id\":\"https:\\\/\\\/setsail.world\\\/en\\\/#\\\/schema\\\/logo\\\/image\\\/\"}}]}<\/script>\n<!-- \/ Yoast SEO plugin. -->","yoast_head_json":{"title":"Contact - Setsail","description":"Contacta con SetSail para planificar tu pr\u00f3xima aventura mar\u00edtima. Estamos aqu\u00ed para ayudarte a alquilar el barco perfecto.","robots":{"index":"index","follow":"follow","max-snippet":"max-snippet:-1","max-image-preview":"max-image-preview:large","max-video-preview":"max-video-preview:-1"},"canonical":"https:\/\/setsail.world\/en\/contact\/","og_locale":"en_GB","og_type":"article","og_title":"Contact - Setsail","og_description":"Contacta con SetSail para planificar tu pr\u00f3xima aventura mar\u00edtima. Estamos aqu\u00ed para ayudarte a alquilar el barco perfecto.","og_url":"https:\/\/setsail.world\/en\/contact\/","og_site_name":"Setsail","article_modified_time":"2024-06-10T08:58:57+00:00","og_image":[{"url":"https:\/\/setsail.world\/wp-content\/uploads\/2024\/01\/contact_icon_1.png","type":"","width":"","height":""}],"schema":{"@context":"https:\/\/schema.org","@graph":[{"@type":"WebPage","@id":"https:\/\/setsail.world\/en\/contact\/","url":"https:\/\/setsail.world\/en\/contact\/","name":"Contact - Setsail","isPartOf":{"@id":"https:\/\/setsail.world\/en\/#website"},"primaryImageOfPage":{"@id":"https:\/\/setsail.world\/en\/contact\/#primaryimage"},"image":{"@id":"https:\/\/setsail.world\/en\/contact\/#primaryimage"},"thumbnailUrl":"https:\/\/setsail.world\/wp-content\/uploads\/2024\/01\/contact_icon_1.png","datePublished":"2024-06-10T08:56:13+00:00","dateModified":"2024-06-10T08:58:57+00:00","description":"Contacta con SetSail para planificar tu pr\u00f3xima aventura mar\u00edtima. Estamos aqu\u00ed para ayudarte a alquilar el barco perfecto.","breadcrumb":{"@id":"https:\/\/setsail.world\/en\/contact\/#breadcrumb"},"inLanguage":"en-GB","potentialAction":[{"@type":"ReadAction","target":["https:\/\/setsail.world\/en\/contact\/"]}]},{"@type":"ImageObject","inLanguage":"en-GB","@id":"https:\/\/setsail.world\/en\/contact\/#primaryimage","url":"https:\/\/setsail.world\/wp-content\/uploads\/2024\/01\/contact_icon_1.png","contentUrl":"https:\/\/setsail.world\/wp-content\/uploads\/2024\/01\/contact_icon_1.png"},{"@type":"BreadcrumbList","@id":"https:\/\/setsail.world\/en\/contact\/#breadcrumb","itemListElement":[{"@type":"ListItem","position":1,"name":"Portada","item":"https:\/\/setsail.world\/en\/"},{"@type":"ListItem","position":2,"name":"Contact"}]},{"@type":"WebSite","@id":"https:\/\/setsail.world\/en\/#website","url":"https:\/\/setsail.world\/en\/","name":"SET SAIL WORLD","description":"Veleros Maxus, power catamar\u00e1n MAKAI y Charter","publisher":{"@id":"https:\/\/setsail.world\/en\/#organization"},"potentialAction":[{"@type":"SearchAction","target":{"@type":"EntryPoint","urlTemplate":"https:\/\/setsail.world\/en\/?s={search_term_string}"},"query-input":{"@type":"PropertyValueSpecification","valueRequired":true,"valueName":"search_term_string"}}],"inLanguage":"en-GB"},{"@type":"Organization","@id":"https:\/\/setsail.world\/en\/#organization","name":"Setsail","url":"https:\/\/setsail.world\/en\/","logo":{"@type":"ImageObject","inLanguage":"en-GB","@id":"https:\/\/setsail.world\/en\/#\/schema\/logo\/image\/","url":"https:\/\/setsail.world\/wp-content\/uploads\/2024\/01\/avatar-setsail.png","contentUrl":"https:\/\/setsail.world\/wp-content\/uploads\/2024\/01\/avatar-setsail.png","width":356,"height":365,"caption":"Setsail"},"image":{"@id":"https:\/\/setsail.world\/en\/#\/schema\/logo\/image\/"}}]}},"lang":"en","translations":{"en":1945,"es":174},"jetpack_sharing_enabled":true,"_links":{"self":[{"href":"https:\/\/setsail.world\/en\/wp-json\/wp\/v2\/pages\/1945","targetHints":{"allow":["GET"]}}],"collection":[{"href":"https:\/\/setsail.world\/en\/wp-json\/wp\/v2\/pages"}],"about":[{"href":"https:\/\/setsail.world\/en\/wp-json\/wp\/v2\/types\/page"}],"author":[{"embeddable":true,"href":"https:\/\/setsail.world\/en\/wp-json\/wp\/v2\/users\/2"}],"replies":[{"embeddable":true,"href":"https:\/\/setsail.world\/en\/wp-json\/wp\/v2\/comments?post=1945"}],"version-history":[{"count":10,"href":"https:\/\/setsail.world\/en\/wp-json\/wp\/v2\/pages\/1945\/revisions"}],"predecessor-version":[{"id":1955,"href":"https:\/\/setsail.world\/en\/wp-json\/wp\/v2\/pages\/1945\/revisions\/1955"}],"wp:attachment":[{"href":"https:\/\/setsail.world\/en\/wp-json\/wp\/v2\/media?parent=1945"}],"curies":[{"name":"wp","href":"https:\/\/api.w.org\/{rel}","templated":true}]}}